{"id":1285,"date":"2024-02-29T18:05:45","date_gmt":"2024-02-29T18:05:45","guid":{"rendered":"https:\/\/coloms.crunis.net\/?page_id=1285"},"modified":"2025-06-12T16:35:11","modified_gmt":"2025-06-12T14:35:11","slug":"nosotras","status":"publish","type":"page","link":"https:\/\/luniversdelaneu.org\/","title":{"rendered":"sobre nosotr@s"},"content":{"rendered":"\t\t<div data-elementor-type=\"wp-page\" data-elementor-id=\"1285\" class=\"elementor elementor-1285\" data-elementor-post-type=\"page\">\n\t\t\t\t<div class=\"elementor-element elementor-element-41f645b e-con-full animated-slow e-flex wpr-particle-no wpr-jarallax-no wpr-parallax-no wpr-sticky-section-no elementor-invisible e-con e-parent\" data-id=\"41f645b\" data-element_type=\"container\" data-e-type=\"container\" data-settings=\"{&quot;background_background&quot;:&quot;classic&quot;,&quot;background_motion_fx_motion_fx_scrolling&quot;:&quot;yes&quot;,&quot;background_motion_fx_blur_effect&quot;:&quot;yes&quot;,&quot;background_motion_fx_blur_direction&quot;:&quot;in-out&quot;,&quot;background_motion_fx_blur_level&quot;:{&quot;unit&quot;:&quot;px&quot;,&quot;size&quot;:15,&quot;sizes&quot;:[]},&quot;background_motion_fx_blur_range&quot;:{&quot;unit&quot;:&quot;%&quot;,&quot;size&quot;:&quot;&quot;,&quot;sizes&quot;:{&quot;start&quot;:16,&quot;end&quot;:100}},&quot;animation&quot;:&quot;fadeIn&quot;,&quot;background_motion_fx_devices&quot;:[&quot;desktop&quot;,&quot;tablet&quot;,&quot;mobile&quot;]}\">\n\t\t\t\t<div class=\"elementor-element elementor-element-48aabf1 animated-slow elementor-invisible elementor-widget elementor-widget-heading\" data-id=\"48aabf1\" data-element_type=\"widget\" data-e-type=\"widget\" data-settings=\"{&quot;_animation&quot;:&quot;fadeIn&quot;}\" data-widget_type=\"heading.default\">\n\t\t\t\t<div class=\"elementor-widget-container\">\n\t\t\t\t\t<h1 class=\"elementor-heading-title elementor-size-default\">L'univers de la Neu<\/h1>\t\t\t\t<\/div>\n\t\t\t\t<\/div>\n\t\t\t\t<div class=\"elementor-element elementor-element-4f2a11a elementor-widget__width-initial animated-slow elementor-invisible elementor-widget elementor-widget-text-editor\" data-id=\"4f2a11a\" data-element_type=\"widget\" data-e-type=\"widget\" data-settings=\"{&quot;_animation&quot;:&quot;fadeIn&quot;,&quot;_animation_delay&quot;:400}\" data-widget_type=\"text-editor.default\">\n\t\t\t\t<div class=\"elementor-widget-container\">\n\t\t\t\t\t\t\t\t\t<p>Nuestro compromiso con el rescate y protecci\u00f3n de las palomas<\/p>\t\t\t\t\t\t\t\t<\/div>\n\t\t\t\t<\/div>\n\t\t\t\t<\/div>\n\t\t<div class=\"elementor-element elementor-element-8268957 e-flex e-con-boxed wpr-particle-no wpr-jarallax-no wpr-parallax-no wpr-sticky-section-no e-con e-parent\" data-id=\"8268957\" data-element_type=\"container\" data-e-type=\"container\">\n\t\t\t\t\t<div class=\"e-con-inner\">\n\t\t<div class=\"elementor-element elementor-element-261190a e-con-full elementor-hidden-tablet elementor-hidden-mobile e-flex wpr-particle-no wpr-jarallax-no wpr-parallax-no wpr-sticky-section-no e-con e-child\" data-id=\"261190a\" data-element_type=\"container\" data-e-type=\"container\" data-settings=\"{&quot;background_background&quot;:&quot;classic&quot;}\">\n\t\t\t\t<\/div>\n\t\t<div class=\"elementor-element elementor-element-4653e88 e-con-full e-flex wpr-particle-no wpr-jarallax-no wpr-parallax-no wpr-sticky-section-no e-con e-child\" data-id=\"4653e88\" data-element_type=\"container\" data-e-type=\"container\">\n\t\t<div class=\"elementor-element elementor-element-ed7e1e1 e-con-full e-flex wpr-particle-no wpr-jarallax-no wpr-parallax-no wpr-sticky-section-no e-con e-child\" data-id=\"ed7e1e1\" data-element_type=\"container\" data-e-type=\"container\">\n\t\t\t\t<div class=\"elementor-element elementor-element-b244d74 elementor-widget-mobile__width-initial elementor-widget elementor-widget-heading\" data-id=\"b244d74\" data-element_type=\"widget\" data-e-type=\"widget\" data-widget_type=\"heading.default\">\n\t\t\t\t<div class=\"elementor-widget-container\">\n\t\t\t\t\t<h1 class=\"elementor-heading-title elementor-size-default\">Qu\u00e9 hacemos<\/h1>\t\t\t\t<\/div>\n\t\t\t\t<\/div>\n\t\t\t\t<\/div>\n\t\t<div class=\"elementor-element elementor-element-d38983e e-con-full e-flex wpr-particle-no wpr-jarallax-no wpr-parallax-no wpr-sticky-section-no e-con e-child\" data-id=\"d38983e\" data-element_type=\"container\" data-e-type=\"container\">\n\t\t\t\t<div class=\"elementor-element elementor-element-40fbb5d elementor-widget__width-initial elementor-widget elementor-widget-text-editor\" data-id=\"40fbb5d\" data-element_type=\"widget\" data-e-type=\"widget\" data-widget_type=\"text-editor.default\">\n\t\t\t\t<div class=\"elementor-widget-container\">\n\t\t\t\t\t\t\t\t\t<h6 style=\"text-align: left;\"><span style=\"color: #333333;\">Desde nuestra asociaci\u00f3n nos encargamos de rescatar palomas, tortolas o qualquier animal que nos encontremos personalmente en la calle. Es decir, los recogemos, los ponemos a salvo en nuestras casas, acomodamos en transportines con alimento variado y adecuado. Los examinamos y dependiendo de su estado, en la medida de lo posible, los llevamos al veterinario.<\/span><\/h6><h6 style=\"text-align: left;\"><span style=\"color: #333333;\">Independientemente de esto, <\/span><span style=\"color: #333333;\">les ofrecemos vitaminas, minerales y lo que requieran. <\/span><span style=\"color: #333333;\">Hacemos alimentaci\u00f3n forzosa cuando el animal no come por su cuenta.<\/span><\/h6><h6 style=\"text-align: left;\"><span style=\"color: #333333;\">Cuando un animal esta completamente recuperado y es posible devolverlo a su habitat empezamos con el proceso de preliberaci\u00f3n hasta su liberacion y su continuo seguimiento en el lugar escogido.<\/span><\/h6><h6 style=\"text-align: left;\"><span style=\"color: #333333;\">De lo contrario, pasa a formar parte de nuestra fam\u00edlia, ya sea por una ala mal soldada que le imposibilita el vuelo, por algun da\u00f1o neurol\u00f3gico como una pmv, etc etc. <\/span><span style=\"color: #333333;\">En estos casos les brindamos espacios seguros y habilitados para ellas en funci\u00f3n de sus necesidad es en nuestros hogares.<\/span><\/h6>\t\t\t\t\t\t\t\t<\/div>\n\t\t\t\t<\/div>\n\t\t\t\t<\/div>\n\t\t\t\t<\/div>\n\t\t\t\t\t<\/div>\n\t\t\t\t<\/div>\n\t\t<div class=\"elementor-element elementor-element-a0bf7a9 e-flex e-con-boxed wpr-particle-no wpr-jarallax-no wpr-parallax-no wpr-sticky-section-no e-con e-parent\" data-id=\"a0bf7a9\" data-element_type=\"container\" data-e-type=\"container\" data-settings=\"{&quot;background_background&quot;:&quot;classic&quot;}\">\n\t\t\t\t\t<div class=\"e-con-inner\">\n\t\t<div class=\"elementor-element elementor-element-57ca523 e-con-full e-flex wpr-particle-no wpr-jarallax-no wpr-parallax-no wpr-sticky-section-no e-con e-child\" data-id=\"57ca523\" data-element_type=\"container\" data-e-type=\"container\">\n\t\t\t\t<div class=\"elementor-element elementor-element-2a5a9f6 elementor-widget-mobile__width-inherit elementor-widget__width-inherit elementor-widget elementor-widget-heading\" data-id=\"2a5a9f6\" data-element_type=\"widget\" data-e-type=\"widget\" data-widget_type=\"heading.default\">\n\t\t\t\t<div class=\"elementor-widget-container\">\n\t\t\t\t\t<h1 class=\"elementor-heading-title elementor-size-default\">Nuestra historia<\/h1>\t\t\t\t<\/div>\n\t\t\t\t<\/div>\n\t\t\t\t<\/div>\n\t\t<div class=\"elementor-element elementor-element-3d2ea60 e-con-full e-flex wpr-particle-no wpr-jarallax-no wpr-parallax-no wpr-sticky-section-no e-con e-child\" data-id=\"3d2ea60\" data-element_type=\"container\" data-e-type=\"container\">\n\t\t\t\t<div class=\"elementor-element elementor-element-b42a687 elementor-widget__width-initial elementor-widget elementor-widget-text-editor\" data-id=\"b42a687\" data-element_type=\"widget\" data-e-type=\"widget\" data-widget_type=\"text-editor.default\">\n\t\t\t\t<div class=\"elementor-widget-container\">\n\t\t\t\t\t\t\t\t\t<h4 style=\"font-weight: 300;\"><strong><span style=\"color: #ffffff; font-weight: 500;\">L\u2019univers de la Neu nace por las ganas de tres personas unidas por una misma causa, los animales y en especial las palomas.<\/span><\/strong>\n<br\/><br\/>\n<span style=\"color: #ffffff;\">A ra\u00edz de tener tantas palomas rescatadas en nuestros domicilios particulares y a la vez ser conscientes de la necesidad de hacer algo mas por ellas, que no solo rescatar a modo particular y la necesidad de darlas a conocer como unos seres extraordinarios que s\u00f3n. Decidimos que teniamos que ir mas all\u00e0 y decidimos constituirnos como asociaci\u00f3n. <\/span>\n<br\/><br\/>\n<span style=\"color: #ffffff;\">El nombre de la asociaci\u00f3n hace referencia a nuestra querida Neu, con la que las dos Mar\u00edas compartimos un v\u00ednculo muy especial. Hoy Neu ya no s\u00e9 encuentra con nosotras pero por ella, y por todas las emplumaditas seguimos nuestra lucha.<\/span><\/h4>\t\t\t\t\t\t\t\t<\/div>\n\t\t\t\t<\/div>\n\t\t\t\t<\/div>\n\t\t\t\t\t<\/div>\n\t\t\t\t<\/div>\n\t\t<div class=\"elementor-element elementor-element-9a99715 e-con-full elementor-hidden-desktop elementor-hidden-tablet elementor-hidden-mobile e-flex wpr-particle-no wpr-jarallax-no wpr-parallax-no wpr-sticky-section-no e-con e-parent\" data-id=\"9a99715\" data-element_type=\"container\" data-e-type=\"container\" data-settings=\"{&quot;background_background&quot;:&quot;classic&quot;}\">\n\t\t\t\t<div class=\"elementor-element elementor-element-797d038 elementor-widget-mobile__width-initial elementor-widget elementor-widget-heading\" data-id=\"797d038\" data-element_type=\"widget\" data-e-type=\"widget\" data-widget_type=\"heading.default\">\n\t\t\t\t<div class=\"elementor-widget-container\">\n\t\t\t\t\t<h1 class=\"elementor-heading-title elementor-size-default\">Nuestro proyecto<\/h1>\t\t\t\t<\/div>\n\t\t\t\t<\/div>\n\t\t\t\t<div class=\"elementor-element elementor-element-ebaab35 elementor-widget-mobile__width-initial elementor-widget__width-initial e-transform elementor-widget elementor-widget-image\" data-id=\"ebaab35\" data-element_type=\"widget\" data-e-type=\"widget\" data-settings=\"{&quot;_transform_rotateZ_effect&quot;:{&quot;unit&quot;:&quot;px&quot;,&quot;size&quot;:12,&quot;sizes&quot;:[]},&quot;_transform_rotateZ_effect_tablet&quot;:{&quot;unit&quot;:&quot;deg&quot;,&quot;size&quot;:&quot;&quot;,&quot;sizes&quot;:[]},&quot;_transform_rotateZ_effect_mobile&quot;:{&quot;unit&quot;:&quot;deg&quot;,&quot;size&quot;:&quot;&quot;,&quot;sizes&quot;:[]}}\" data-widget_type=\"image.default\">\n\t\t\t\t<div class=\"elementor-widget-container\">\n\t\t\t\t\t\t\t\t\t\t\t\t\t\t\t<img fetchpriority=\"high\" decoding=\"async\" width=\"338\" height=\"314\" src=\"https:\/\/luniversdelaneu.org\/wp-content\/uploads\/2024\/03\/proyecto.png\" class=\"attachment-full size-full wp-image-2505\" alt=\"\" srcset=\"https:\/\/luniversdelaneu.org\/wp-content\/uploads\/2024\/03\/proyecto.png 338w, https:\/\/luniversdelaneu.org\/wp-content\/uploads\/2024\/03\/proyecto-300x279.png 300w\" sizes=\"(max-width: 338px) 100vw, 338px\" \/>\t\t\t\t\t\t\t\t\t\t\t\t\t\t\t<\/div>\n\t\t\t\t<\/div>\n\t\t\t\t<\/div>\n\t\t<div class=\"elementor-element elementor-element-ec4c46e elementor-hidden-desktop elementor-hidden-tablet elementor-hidden-mobile e-flex e-con-boxed wpr-particle-no wpr-jarallax-no wpr-parallax-no wpr-sticky-section-no e-con e-parent\" data-id=\"ec4c46e\" data-element_type=\"container\" data-e-type=\"container\" data-settings=\"{&quot;background_background&quot;:&quot;classic&quot;}\">\n\t\t\t\t\t<div class=\"e-con-inner\">\n\t\t<div class=\"elementor-element elementor-element-c84cd12 e-flex e-con-boxed wpr-particle-no wpr-jarallax-no wpr-parallax-no wpr-sticky-section-no e-con e-child\" data-id=\"c84cd12\" data-element_type=\"container\" data-e-type=\"container\">\n\t\t\t\t\t<div class=\"e-con-inner\">\n\t\t\t\t<div class=\"elementor-element elementor-element-d57595e elementor-widget elementor-widget-text-editor\" data-id=\"d57595e\" data-element_type=\"widget\" data-e-type=\"widget\" data-widget_type=\"text-editor.default\">\n\t\t\t\t<div class=\"elementor-widget-container\">\n\t\t\t\t\t\t\t\t\t<h4>Nuestros planes de futuro&#8230;<br \/><br \/><span style=\"font-weight: 300;\">Lorem ipsum dolor sit amet, consectetur adipiscing elit, sed do eiusmod tempor incididunt ut labore et dolore magna aliqua. Ut enim ad minim veniam, quis nostrud exercitation ullamco laboris nisi ut aliquip ex ea commodo consequat. Duis aute irure dolor in reprehenderit in voluptate velit esse cillum dolore eu fugiat nulla pariatur. Excepteur sint occaecat cupidatat non proident, sunt in culpa qui officia deserunt mollit anim id est laborum.<\/span><\/h4>\t\t\t\t\t\t\t\t<\/div>\n\t\t\t\t<\/div>\n\t\t\t\t<div class=\"elementor-element elementor-element-6abc08f elementor-mobile-align-left elementor-widget elementor-widget-button\" data-id=\"6abc08f\" data-element_type=\"widget\" data-e-type=\"widget\" data-widget_type=\"button.default\">\n\t\t\t\t<div class=\"elementor-widget-container\">\n\t\t\t\t\t\t\t\t\t<div class=\"elementor-button-wrapper\">\n\t\t\t\t\t<a class=\"elementor-button elementor-button-link elementor-size-sm\" href=\"#\">\n\t\t\t\t\t\t<span class=\"elementor-button-content-wrapper\">\n\t\t\t\t\t\t\t\t\t<span class=\"elementor-button-text\">Colabora<\/span>\n\t\t\t\t\t<\/span>\n\t\t\t\t\t<\/a>\n\t\t\t\t<\/div>\n\t\t\t\t\t\t\t\t<\/div>\n\t\t\t\t<\/div>\n\t\t\t\t\t<\/div>\n\t\t\t\t<\/div>\n\t\t\t\t<div class=\"elementor-element elementor-element-eb5ac5e elementor-widget elementor-widget-spacer\" data-id=\"eb5ac5e\" data-element_type=\"widget\" data-e-type=\"widget\" data-widget_type=\"spacer.default\">\n\t\t\t\t<div class=\"elementor-widget-container\">\n\t\t\t\t\t\t\t<div class=\"elementor-spacer\">\n\t\t\t<div class=\"elementor-spacer-inner\"><\/div>\n\t\t<\/div>\n\t\t\t\t\t\t<\/div>\n\t\t\t\t<\/div>\n\t\t\t\t\t<\/div>\n\t\t\t\t<\/div>\n\t\t<div class=\"elementor-element elementor-element-a7eca73 e-flex e-con-boxed wpr-particle-no wpr-jarallax-no wpr-parallax-no wpr-sticky-section-no e-con e-parent\" data-id=\"a7eca73\" data-element_type=\"container\" data-e-type=\"container\">\n\t\t\t\t\t<div class=\"e-con-inner\">\n\t\t\t\t<div class=\"elementor-element elementor-element-98bd10e elementor-widget elementor-widget-heading\" data-id=\"98bd10e\" data-element_type=\"widget\" data-e-type=\"widget\" data-widget_type=\"heading.default\">\n\t\t\t\t<div class=\"elementor-widget-container\">\n\t\t\t\t\t<h1 class=\"elementor-heading-title elementor-size-default\">Nosotr@s<\/h1>\t\t\t\t<\/div>\n\t\t\t\t<\/div>\n\t\t<div class=\"elementor-element elementor-element-c992494 e-flex e-con-boxed wpr-particle-no wpr-jarallax-no wpr-parallax-no wpr-sticky-section-no e-con e-child\" data-id=\"c992494\" data-element_type=\"container\" data-e-type=\"container\">\n\t\t\t\t\t<div class=\"e-con-inner\">\n\t\t\t\t<div class=\"elementor-element elementor-element-2bed04b elementor-widget elementor-widget-text-editor\" data-id=\"2bed04b\" data-element_type=\"widget\" data-e-type=\"widget\" data-widget_type=\"text-editor.default\">\n\t\t\t\t<div class=\"elementor-widget-container\">\n\t\t\t\t\t\t\t\t\t<h4><span style=\"font-weight: 300;\">Nuestro equipo est\u00e1 formado por apasionados defensores de los animales, comprometidos con el bienestar de las palomas. Nos unimos en nuestra dedicaci\u00f3n para brindarles atenci\u00f3n amorosa y un refugio seguro.<\/span><\/h4>\t\t\t\t\t\t\t\t<\/div>\n\t\t\t\t<\/div>\n\t\t\t\t\t<\/div>\n\t\t\t\t<\/div>\n\t\t<div class=\"elementor-element elementor-element-6cb36b1 e-con-full e-flex wpr-particle-no wpr-jarallax-no wpr-parallax-no wpr-sticky-section-no e-con e-child\" data-id=\"6cb36b1\" data-element_type=\"container\" data-e-type=\"container\" data-settings=\"{&quot;background_background&quot;:&quot;classic&quot;}\">\n\t\t<div class=\"elementor-element elementor-element-303c1dc e-con-full e-flex wpr-particle-no wpr-jarallax-no wpr-parallax-no wpr-sticky-section-no e-con e-child\" data-id=\"303c1dc\" data-element_type=\"container\" data-e-type=\"container\">\n\t\t\t\t<div class=\"elementor-element elementor-element-e94e781 elementor-widget elementor-widget-text-editor\" data-id=\"e94e781\" data-element_type=\"widget\" data-e-type=\"widget\" data-widget_type=\"text-editor.default\">\n\t\t\t\t<div class=\"elementor-widget-container\">\n\t\t\t\t\t\t\t\t\t<h4 style=\"margin-bottom: 0px;\"><span data-mce-type=\"bookmark\" style=\"display: inline-block; width: 0px; overflow: hidden; line-height: 0;\" class=\"mce_SELRES_start\">\ufeff<\/span>Maria R.<\/h4><p>\u00a0<\/p>\t\t\t\t\t\t\t\t<\/div>\n\t\t\t\t<\/div>\n\t\t\t\t<\/div>\n\t\t\t\t<div class=\"elementor-element elementor-element-12d8595 elementor-widget elementor-widget-text-editor\" data-id=\"12d8595\" data-element_type=\"widget\" data-e-type=\"widget\" data-widget_type=\"text-editor.default\">\n\t\t\t\t<div class=\"elementor-widget-container\">\n\t\t\t\t\t\t\t\t\t<p>Desde peque\u00f1ita sempre he estado rodeada de animales en casa, gatos, perros, conejos, palomas. Todos ellos rescatados de la calle o cedidos por alguna persona.<\/p><p>Ya de mas mayor a\u00f1ad\u00ed a mis rescates mi activismo por la liberaci\u00f3n animal, colaborando con santuarios, refugio organizando manifestaciones, etc.<\/p><p>Tambi\u00e9n me hice vegana.<br \/>Hoy en dia continuo en la medida de lo possible con todo lo que est\u00e9 en mis manos y as\u00ed lo continuar\u00e9 haciendo.<\/p><p>Comparto mi vida con una cuantas compa\u00f1eras aladas y mi gato Carb\u00f3n.<\/p>\t\t\t\t\t\t\t\t<\/div>\n\t\t\t\t<\/div>\n\t\t\t\t<\/div>\n\t\t<div class=\"elementor-element elementor-element-7c77d65 e-con-full e-flex wpr-particle-no wpr-jarallax-no wpr-parallax-no wpr-sticky-section-no e-con e-child\" data-id=\"7c77d65\" data-element_type=\"container\" data-e-type=\"container\" data-settings=\"{&quot;background_background&quot;:&quot;classic&quot;}\">\n\t\t<div class=\"elementor-element elementor-element-19e0b61 e-flex e-con-boxed wpr-particle-no wpr-jarallax-no wpr-parallax-no wpr-sticky-section-no e-con e-child\" data-id=\"19e0b61\" data-element_type=\"container\" data-e-type=\"container\">\n\t\t\t\t\t<div class=\"e-con-inner\">\n\t\t\t\t<div class=\"elementor-element elementor-element-04b7dc8 elementor-widget elementor-widget-text-editor\" data-id=\"04b7dc8\" data-element_type=\"widget\" data-e-type=\"widget\" data-widget_type=\"text-editor.default\">\n\t\t\t\t<div class=\"elementor-widget-container\">\n\t\t\t\t\t\t\t\t\t<h4 style=\"margin-bottom: 0px;\">Maria V.<\/h4><p>\u00a0<\/p>\t\t\t\t\t\t\t\t<\/div>\n\t\t\t\t<\/div>\n\t\t\t\t\t<\/div>\n\t\t\t\t<\/div>\n\t\t\t\t<div class=\"elementor-element elementor-element-bef8749 elementor-widget elementor-widget-text-editor\" data-id=\"bef8749\" data-element_type=\"widget\" data-e-type=\"widget\" data-widget_type=\"text-editor.default\">\n\t\t\t\t<div class=\"elementor-widget-container\">\n\t\t\t\t\t\t\t\t\t<p>Desde mi m\u00e1s temprana infancia recuerdo rescatar animalitos de la calle heridos y\/o enfermos de cualquier especie. Siempre he tenido una fort\u00edsima empat\u00eda con los animales. En mi adolescencia, comenc\u00e9 a ayudar a gatos de la calle, y empec\u00e9 a percibir la indiferencia, la incomprensi\u00f3n, y el desprecio humano que hay hacia ellos.\u00a0<\/p><p>Hace ya unos cuantos a\u00f1os, comenc\u00e9 a revivir esa amarga experiencia de maltrato y de desprecio humano, esta vez,\u00a0 hacia las palomas urbanas. Empec\u00e9 a rescatar palomas y t\u00f3rtolas\u00a0 enfermas y\/o heridas de la calle. Sus admirables, pero a su vez, sus dolorosas vidas de supervivencia, me generaban una fuerte compasi\u00f3n hacia ellas. De ah\u00ed que quisiera dar un paso m\u00e1s all\u00e1, y hacer visible y dignificar la vida de las palomas como seres sientes,que merecen vivir y que sus vidas sean respetadas como la vida de cualquier otro ser vivo del planeta.<\/p>\t\t\t\t\t\t\t\t<\/div>\n\t\t\t\t<\/div>\n\t\t\t\t<\/div>\n\t\t\t\t\t<\/div>\n\t\t\t\t<\/div>\n\t\t<div class=\"elementor-element elementor-element-ec2dc70 e-flex e-con-boxed wpr-particle-no wpr-jarallax-no wpr-parallax-no wpr-sticky-section-no e-con e-parent\" data-id=\"ec2dc70\" data-element_type=\"container\" data-e-type=\"container\">\n\t\t\t\t\t<div class=\"e-con-inner\">\n\t\t\t\t\t<\/div>\n\t\t\t\t<\/div>\n\t\t\t\t<\/div>\n\t\t","protected":false},"excerpt":{"rendered":"<p>L&#8217;univers de la Neu Nuestro compromiso con el rescate y protecci\u00f3n de las palomas Qu\u00e9 hacemos Desde nuestra asociaci\u00f3n nos encargamos de rescatar palomas, tortolas o qualquier animal que nos encontremos personalmente en la calle. Es decir, los recogemos, los ponemos a salvo en nuestras casas, acomodamos en transportines con alimento variado y adecuado. Los examinamos y dependiendo de su estado, en la medida de lo posible, los llevamos al veterinario. Independientemente de esto, les ofrecemos vitaminas, minerales y lo que requieran. Hacemos alimentaci\u00f3n forzosa cuando el animal no come por su cuenta. Cuando un animal esta completamente recuperado y es posible devolverlo a su habitat empezamos con el proceso de preliberaci\u00f3n hasta su liberacion y su continuo seguimiento en el lugar escogido. De lo contrario, pasa a formar parte de nuestra fam\u00edlia, ya sea por una ala mal soldada que le imposibilita el vuelo, por algun da\u00f1o neurol\u00f3gico como una pmv, etc etc. En estos casos les brindamos espacios seguros y habilitados para ellas en funci\u00f3n de sus necesidad es en nuestros hogares. Nuestra historia L\u2019univers de la Neu nace por las ganas de tres personas unidas por una misma causa, los animales y en especial las palomas. A ra\u00edz de tener tantas palomas rescatadas en nuestros domicilios particulares y a la vez ser conscientes de la necesidad de hacer algo mas por ellas, que no solo rescatar a modo particular y la necesidad de darlas a conocer como unos seres extraordinarios que s\u00f3n. Decidimos que teniamos que ir mas all\u00e0 y decidimos constituirnos como asociaci\u00f3n. El nombre de la asociaci\u00f3n hace referencia a nuestra querida Neu, con la que las dos Mar\u00edas compartimos un v\u00ednculo muy especial. Hoy Neu ya no s\u00e9 encuentra con nosotras pero por ella, y por todas las emplumaditas seguimos nuestra lucha. Nuestro proyecto Nuestros planes de futuro&#8230; Lorem ipsum dolor sit amet, consectetur adipiscing elit, sed do eiusmod tempor incididunt ut labore et dolore magna aliqua. Ut enim ad minim veniam, quis nostrud exercitation ullamco laboris nisi ut aliquip ex ea commodo consequat. Duis aute irure dolor in reprehenderit in voluptate velit esse cillum dolore eu fugiat nulla pariatur. Excepteur sint occaecat cupidatat non proident, sunt in culpa qui officia deserunt mollit anim id est laborum. Colabora Nosotr@s Nuestro equipo est\u00e1 formado por apasionados defensores de los animales, comprometidos con el bienestar de las palomas. Nos unimos en nuestra dedicaci\u00f3n para brindarles atenci\u00f3n amorosa y un refugio seguro. \ufeffMaria R. \u00a0 Desde peque\u00f1ita sempre he estado rodeada de animales en casa, gatos, perros, conejos, palomas. Todos ellos rescatados de la calle o cedidos por alguna persona. Ya de mas mayor a\u00f1ad\u00ed a mis rescates mi activismo por la liberaci\u00f3n animal, colaborando con santuarios, refugio organizando manifestaciones, etc. Tambi\u00e9n me hice vegana.Hoy en dia continuo en la medida de lo possible con todo lo que est\u00e9 en mis manos y as\u00ed lo continuar\u00e9 haciendo. Comparto mi vida con una cuantas compa\u00f1eras aladas y mi gato Carb\u00f3n. Maria V. \u00a0 Desde mi m\u00e1s temprana infancia recuerdo rescatar animalitos de la calle heridos y\/o enfermos de cualquier especie. Siempre he tenido una fort\u00edsima empat\u00eda con los animales. En mi adolescencia, comenc\u00e9 a ayudar a gatos de la calle, y empec\u00e9 a percibir la indiferencia, la incomprensi\u00f3n, y el desprecio humano que hay hacia ellos.\u00a0 Hace ya unos cuantos a\u00f1os, comenc\u00e9 a revivir esa amarga experiencia de maltrato y de desprecio humano, esta vez,\u00a0 hacia las palomas urbanas. Empec\u00e9 a rescatar palomas y t\u00f3rtolas\u00a0 enfermas y\/o heridas de la calle. Sus admirables, pero a su vez, sus dolorosas vidas de supervivencia, me generaban una fuerte compasi\u00f3n hacia ellas. De ah\u00ed que quisiera dar un paso m\u00e1s all\u00e1, y hacer visible y dignificar la vida de las palomas como seres sientes,que merecen vivir y que sus vidas sean respetadas como la vida de cualquier otro ser vivo del planeta.<\/p>\n","protected":false},"author":1,"featured_media":0,"parent":0,"menu_order":0,"comment_status":"closed","ping_status":"closed","template":"","meta":{"footnotes":""},"class_list":["post-1285","page","type-page","status-publish","hentry"],"_links":{"self":[{"href":"https:\/\/luniversdelaneu.org\/index.php?rest_route=\/wp\/v2\/pages\/1285","targetHints":{"allow":["GET"]}}],"collection":[{"href":"https:\/\/luniversdelaneu.org\/index.php?rest_route=\/wp\/v2\/pages"}],"about":[{"href":"https:\/\/luniversdelaneu.org\/index.php?rest_route=\/wp\/v2\/types\/page"}],"author":[{"embeddable":true,"href":"https:\/\/luniversdelaneu.org\/index.php?rest_route=\/wp\/v2\/users\/1"}],"replies":[{"embeddable":true,"href":"https:\/\/luniversdelaneu.org\/index.php?rest_route=%2Fwp%2Fv2%2Fcomments&post=1285"}],"version-history":[{"count":1130,"href":"https:\/\/luniversdelaneu.org\/index.php?rest_route=\/wp\/v2\/pages\/1285\/revisions"}],"predecessor-version":[{"id":4320,"href":"https:\/\/luniversdelaneu.org\/index.php?rest_route=\/wp\/v2\/pages\/1285\/revisions\/4320"}],"wp:attachment":[{"href":"https:\/\/luniversdelaneu.org\/index.php?rest_route=%2Fwp%2Fv2%2Fmedia&parent=1285"}],"curies":[{"name":"wp","href":"https:\/\/api.w.org\/{rel}","templated":true}]}}